{"id":74,"date":"2025-02-08T11:33:09","date_gmt":"2025-02-08T11:33:09","guid":{"rendered":"https:\/\/pintoreslosa.com\/?page_id=74"},"modified":"2025-02-09T12:52:54","modified_gmt":"2025-02-09T12:52:54","slug":"home","status":"publish","type":"page","link":"https:\/\/pintoreslosa.com\/","title":{"rendered":"Home"},"content":{"rendered":"\t\t<div data-elementor-type=\"wp-page\" data-elementor-id=\"74\" class=\"elementor elementor-74\">\n\t\t\t\t<div class=\"elementor-element elementor-element-7426c920 e-flex e-con-boxed e-con e-parent\" data-id=\"7426c920\" data-element_type=\"container\" data-settings=\"{&quot;background_background&quot;:&quot;classic&quot;}\">\n\t\t\t\t\t<div class=\"e-con-inner\">\n\t\t\t\t<div class=\"elementor-element elementor-element-4a0fd027 elementor-widget elementor-widget-heading\" data-id=\"4a0fd027\" data-element_type=\"widget\" data-widget_type=\"heading.default\">\n\t\t\t\t<div class=\"elementor-widget-container\">\n\t\t\t\t\t<h1 class=\"elementor-heading-title elementor-size-default\">Tus pintores en Alicante<\/h1>\t\t\t\t<\/div>\n\t\t\t\t<\/div>\n\t\t\t\t<div class=\"elementor-element elementor-element-505bff5e elementor-widget elementor-widget-heading\" data-id=\"505bff5e\" data-element_type=\"widget\" data-widget_type=\"heading.default\">\n\t\t\t\t<div class=\"elementor-widget-container\">\n\t\t\t\t\t<h5 class=\"elementor-heading-title elementor-size-default\">Te ayudamos a transformar tu casa con acabados impecables y ofrecemos soluciones profesionales para la construcci\u00f3n<\/h5>\t\t\t\t<\/div>\n\t\t\t\t<\/div>\n\t\t\t\t\t<\/div>\n\t\t\t\t<\/div>\n\t\t<div class=\"elementor-element elementor-element-3034535b e-con-full e-flex e-con e-parent\" data-id=\"3034535b\" data-element_type=\"container\">\n\t\t<div class=\"elementor-element elementor-element-6a263b30 e-con-full e-flex e-con e-child\" data-id=\"6a263b30\" data-element_type=\"container\">\n\t\t\t\t<div class=\"elementor-element elementor-element-39b4cc8f elementor-widget elementor-widget-heading\" data-id=\"39b4cc8f\" data-element_type=\"widget\" data-widget_type=\"heading.default\">\n\t\t\t\t<div class=\"elementor-widget-container\">\n\t\t\t\t\t<h2 class=\"elementor-heading-title elementor-size-default\">Con\u00f3cenos<\/h2>\t\t\t\t<\/div>\n\t\t\t\t<\/div>\n\t\t\t\t<div class=\"elementor-element elementor-element-6cca1cbf elementor-widget elementor-widget-text-editor\" data-id=\"6cca1cbf\" data-element_type=\"widget\" data-widget_type=\"text-editor.default\">\n\t\t\t\t<div class=\"elementor-widget-container\">\n\t\t\t\t\t\t\t\t\t<p>Con m\u00e1s de 30 a\u00f1os de experiencia, hemos trabajado en proyectos emblem\u00e1ticos como el Museo Arqueol\u00f3gico de Alicante (MARQ), el edificio Intempo de Benidorm y la escultura Dibuixar l\u2019espai de la UA, adem\u00e1s de en miles de pisos \u00fanicos como el tuyo<\/p>\t\t\t\t\t\t\t\t<\/div>\n\t\t\t\t<\/div>\n\t\t\t\t<\/div>\n\t\t<div class=\"elementor-element elementor-element-5b47e6ab e-con-full e-flex e-con e-child\" data-id=\"5b47e6ab\" data-element_type=\"container\">\n\t\t\t\t<div class=\"elementor-element elementor-element-3f9683f3 elementor-widget elementor-widget-image\" data-id=\"3f9683f3\" data-element_type=\"widget\" data-widget_type=\"image.default\">\n\t\t\t\t<div class=\"elementor-widget-container\">\n\t\t\t\t\t\t\t\t\t\t\t\t\t\t\t<img fetchpriority=\"high\" decoding=\"async\" width=\"470\" height=\"313\" src=\"https:\/\/pintoreslosa.com\/wp-content\/uploads\/2025\/02\/1297330082_0.jpg\" class=\"attachment-full size-full wp-image-154\" alt=\"\" srcset=\"https:\/\/pintoreslosa.com\/wp-content\/uploads\/2025\/02\/1297330082_0.jpg 470w, https:\/\/pintoreslosa.com\/wp-content\/uploads\/2025\/02\/1297330082_0-300x200.jpg 300w\" sizes=\"(max-width: 470px) 100vw, 470px\" \/>\t\t\t\t\t\t\t\t\t\t\t\t\t\t\t<\/div>\n\t\t\t\t<\/div>\n\t\t\t\t<\/div>\n\t\t\t\t<\/div>\n\t\t<div class=\"elementor-element elementor-element-a0f57ec e-con-full e-flex e-con e-parent\" data-id=\"a0f57ec\" data-element_type=\"container\">\n\t\t\t\t<div class=\"elementor-element elementor-element-49b32ff7 elementor-widget elementor-widget-heading\" data-id=\"49b32ff7\" data-element_type=\"widget\" data-widget_type=\"heading.default\">\n\t\t\t\t<div class=\"elementor-widget-container\">\n\t\t\t\t\t<h2 class=\"elementor-heading-title elementor-size-default\">Galer\u00eda<\/h2>\t\t\t\t<\/div>\n\t\t\t\t<\/div>\n\t\t\t\t<div class=\"elementor-element elementor-element-825c12f elementor-widget elementor-widget-heading\" data-id=\"825c12f\" data-element_type=\"widget\" data-widget_type=\"heading.default\">\n\t\t\t\t<div class=\"elementor-widget-container\">\n\t\t\t\t\t<h5 class=\"elementor-heading-title elementor-size-default\">Echa un vistazo a algunos de nuestros trabajos<\/h5>\t\t\t\t<\/div>\n\t\t\t\t<\/div>\n\t\t\t\t<div class=\"elementor-element elementor-element-53a6c907 gallery-spacing-custom elementor-widget elementor-widget-image-gallery\" data-id=\"53a6c907\" data-element_type=\"widget\" data-widget_type=\"image-gallery.default\">\n\t\t\t\t<div class=\"elementor-widget-container\">\n\t\t\t\t\t\t\t<div class=\"elementor-image-gallery\">\n\t\t\t<div id='gallery-1' class='gallery galleryid-74 gallery-columns-3 gallery-size-full'><figure class='gallery-item'>\n\t\t\t<div class='gallery-icon landscape'>\n\t\t\t\t<a data-elementor-open-lightbox=\"yes\" data-elementor-lightbox-slideshow=\"53a6c907\" data-elementor-lightbox-title=\"2014-01-28_fachadadelantera\" data-e-action-hash=\"#elementor-action%3Aaction%3Dlightbox%26settings%3DeyJpZCI6MTMwLCJ1cmwiOiJodHRwczpcL1wvcGludG9yZXNsb3NhLmNvbVwvd3AtY29udGVudFwvdXBsb2Fkc1wvMjAyNVwvMDJcLzIwMTQtMDEtMjhfZmFjaGFkYTIwZGVsYW50ZXJhLmpwZyIsInNsaWRlc2hvdyI6IjUzYTZjOTA3In0%3D\" href='https:\/\/pintoreslosa.com\/wp-content\/uploads\/2025\/02\/2014-01-28_fachada20delantera.jpg'><img decoding=\"async\" width=\"1936\" height=\"1452\" src=\"https:\/\/pintoreslosa.com\/wp-content\/uploads\/2025\/02\/2014-01-28_fachada20delantera.jpg\" class=\"attachment-full size-full\" alt=\"\" aria-describedby=\"gallery-1-130\" srcset=\"https:\/\/pintoreslosa.com\/wp-content\/uploads\/2025\/02\/2014-01-28_fachada20delantera.jpg 1936w, https:\/\/pintoreslosa.com\/wp-content\/uploads\/2025\/02\/2014-01-28_fachada20delantera-300x225.jpg 300w, https:\/\/pintoreslosa.com\/wp-content\/uploads\/2025\/02\/2014-01-28_fachada20delantera-1024x768.jpg 1024w, https:\/\/pintoreslosa.com\/wp-content\/uploads\/2025\/02\/2014-01-28_fachada20delantera-768x576.jpg 768w, https:\/\/pintoreslosa.com\/wp-content\/uploads\/2025\/02\/2014-01-28_fachada20delantera-1536x1152.jpg 1536w\" sizes=\"(max-width: 1936px) 100vw, 1936px\" \/><\/a>\n\t\t\t<\/div>\n\t\t\t\t<figcaption class='wp-caption-text gallery-caption' id='gallery-1-130'>\n\t\t\t\tEdificio Intempo de Benidorm. Trabajo en el cono invertido que corona el edificio.\n\t\t\t\t<\/figcaption><\/figure><figure class='gallery-item'>\n\t\t\t<div class='gallery-icon landscape'>\n\t\t\t\t<a data-elementor-open-lightbox=\"yes\" data-elementor-lightbox-slideshow=\"53a6c907\" data-elementor-lightbox-title=\"marqfachada2\" data-e-action-hash=\"#elementor-action%3Aaction%3Dlightbox%26settings%3DeyJpZCI6MTMxLCJ1cmwiOiJodHRwczpcL1wvcGludG9yZXNsb3NhLmNvbVwvd3AtY29udGVudFwvdXBsb2Fkc1wvMjAyNVwvMDJcL21hcnEyMGZhY2hhZGEyLmpwZyIsInNsaWRlc2hvdyI6IjUzYTZjOTA3In0%3D\" href='https:\/\/pintoreslosa.com\/wp-content\/uploads\/2025\/02\/marq20fachada2.jpg'><img decoding=\"async\" width=\"800\" height=\"531\" src=\"https:\/\/pintoreslosa.com\/wp-content\/uploads\/2025\/02\/marq20fachada2.jpg\" class=\"attachment-full size-full\" alt=\"\" aria-describedby=\"gallery-1-131\" srcset=\"https:\/\/pintoreslosa.com\/wp-content\/uploads\/2025\/02\/marq20fachada2.jpg 800w, https:\/\/pintoreslosa.com\/wp-content\/uploads\/2025\/02\/marq20fachada2-300x199.jpg 300w, https:\/\/pintoreslosa.com\/wp-content\/uploads\/2025\/02\/marq20fachada2-768x510.jpg 768w\" sizes=\"(max-width: 800px) 100vw, 800px\" \/><\/a>\n\t\t\t<\/div>\n\t\t\t\t<figcaption class='wp-caption-text gallery-caption' id='gallery-1-131'>\n\t\t\t\tFachada del MARQ.\n\t\t\t\t<\/figcaption><\/figure><figure class='gallery-item'>\n\t\t\t<div class='gallery-icon landscape'>\n\t\t\t\t<a data-elementor-open-lightbox=\"yes\" data-elementor-lightbox-slideshow=\"53a6c907\" data-elementor-lightbox-title=\"dsc_1622\" data-e-action-hash=\"#elementor-action%3Aaction%3Dlightbox%26settings%3DeyJpZCI6MTMyLCJ1cmwiOiJodHRwczpcL1wvcGludG9yZXNsb3NhLmNvbVwvd3AtY29udGVudFwvdXBsb2Fkc1wvMjAyNVwvMDJcL2RzY18xNjIyLmpwZyIsInNsaWRlc2hvdyI6IjUzYTZjOTA3In0%3D\" href='https:\/\/pintoreslosa.com\/wp-content\/uploads\/2025\/02\/dsc_1622.jpg'><img loading=\"lazy\" decoding=\"async\" width=\"1549\" height=\"1037\" src=\"https:\/\/pintoreslosa.com\/wp-content\/uploads\/2025\/02\/dsc_1622.jpg\" class=\"attachment-full size-full\" alt=\"\" aria-describedby=\"gallery-1-132\" srcset=\"https:\/\/pintoreslosa.com\/wp-content\/uploads\/2025\/02\/dsc_1622.jpg 1549w, https:\/\/pintoreslosa.com\/wp-content\/uploads\/2025\/02\/dsc_1622-300x201.jpg 300w, https:\/\/pintoreslosa.com\/wp-content\/uploads\/2025\/02\/dsc_1622-1024x686.jpg 1024w, https:\/\/pintoreslosa.com\/wp-content\/uploads\/2025\/02\/dsc_1622-768x514.jpg 768w, https:\/\/pintoreslosa.com\/wp-content\/uploads\/2025\/02\/dsc_1622-1536x1028.jpg 1536w\" sizes=\"(max-width: 1549px) 100vw, 1549px\" \/><\/a>\n\t\t\t<\/div>\n\t\t\t\t<figcaption class='wp-caption-text gallery-caption' id='gallery-1-132'>\n\t\t\t\tUn piso amueblado en el Edificio Intempo de Benidorm, pintado por nosotros.\n\t\t\t\t<\/figcaption><\/figure>\n\t\t<\/div>\n\t\t<\/div>\n\t\t\t\t\t\t<\/div>\n\t\t\t\t<\/div>\n\t\t\t\t<\/div>\n\t\t<div class=\"elementor-element elementor-element-466e6448 e-con-full e-flex e-con e-parent\" data-id=\"466e6448\" data-element_type=\"container\" data-settings=\"{&quot;background_background&quot;:&quot;classic&quot;}\">\n\t\t<div class=\"elementor-element elementor-element-64baf2cb e-con-full e-flex e-con e-child\" data-id=\"64baf2cb\" data-element_type=\"container\">\n\t\t\t\t<div class=\"elementor-element elementor-element-439cd7c4 elementor-widget elementor-widget-heading\" data-id=\"439cd7c4\" data-element_type=\"widget\" data-widget_type=\"heading.default\">\n\t\t\t\t<div class=\"elementor-widget-container\">\n\t\t\t\t\t<h2 class=\"elementor-heading-title elementor-size-default\">Pide tu presupuesto<\/h2>\t\t\t\t<\/div>\n\t\t\t\t<\/div>\n\t\t\t\t<div class=\"elementor-element elementor-element-bfaa58b elementor-widget elementor-widget-text-editor\" data-id=\"bfaa58b\" data-element_type=\"widget\" data-widget_type=\"text-editor.default\">\n\t\t\t\t<div class=\"elementor-widget-container\">\n\t\t\t\t\t\t\t\t\t<p>Tu proyecto merece estar en las mejores manos. Dinos qu\u00e9 necesitas y empecemos con \u00e9l.<\/p>\n<div class=\"wpcf7 no-js\" id=\"wpcf7-f109-o1\" lang=\"es-ES\" dir=\"ltr\" data-wpcf7-id=\"109\">\n<div class=\"screen-reader-response\"><p role=\"status\" aria-live=\"polite\" aria-atomic=\"true\"><\/p> <ul><\/ul><\/div>\n<form action=\"\/index.php?rest_route=%2Fwp%2Fv2%2Fpages%2F74#wpcf7-f109-o1\" method=\"post\" class=\"wpcf7-form init\" aria-label=\"Formulario de contacto\" novalidate=\"novalidate\" data-status=\"init\">\n<div style=\"display: none;\">\n<input type=\"hidden\" name=\"_wpcf7\" value=\"109\" \/>\n<input type=\"hidden\" name=\"_wpcf7_version\" value=\"6.0.3\" \/>\n<input type=\"hidden\" name=\"_wpcf7_locale\" value=\"es_ES\" \/>\n<input type=\"hidden\" name=\"_wpcf7_unit_tag\" value=\"wpcf7-f109-o1\" \/>\n<input type=\"hidden\" name=\"_wpcf7_container_post\" value=\"0\" \/>\n<input type=\"hidden\" name=\"_wpcf7_posted_data_hash\" value=\"\" \/>\n<\/div>\n<p><label> Tu nombre<br \/>\n<span class=\"wpcf7-form-control-wrap\" data-name=\"your-name\"><input size=\"40\" maxlength=\"400\" class=\"wpcf7-form-control wpcf7-text wpcf7-validates-as-required\" autocomplete=\"name\" aria-required=\"true\" aria-invalid=\"false\" value=\"\" type=\"text\" name=\"your-name\" \/><\/span> <\/label>\n<\/p>\n<p><label> Tu correo electr\u00f3nico<br \/>\n<span class=\"wpcf7-form-control-wrap\" data-name=\"your-email\"><input size=\"40\" maxlength=\"400\" class=\"wpcf7-form-control wpcf7-email wpcf7-validates-as-required wpcf7-text wpcf7-validates-as-email\" autocomplete=\"email\" aria-required=\"true\" aria-invalid=\"false\" value=\"\" type=\"email\" name=\"your-email\" \/><\/span> <\/label>\n<\/p>\n<p><label> Asunto<br \/>\n<span class=\"wpcf7-form-control-wrap\" data-name=\"your-subject\"><input size=\"40\" maxlength=\"400\" class=\"wpcf7-form-control wpcf7-text wpcf7-validates-as-required\" aria-required=\"true\" aria-invalid=\"false\" value=\"\" type=\"text\" name=\"your-subject\" \/><\/span> <\/label>\n<\/p>\n<p><label> Tu mensaje<br \/>\n<span class=\"wpcf7-form-control-wrap\" data-name=\"your-message\"><textarea cols=\"40\" rows=\"10\" maxlength=\"2000\" class=\"wpcf7-form-control wpcf7-textarea wpcf7-validates-as-required\" aria-required=\"true\" aria-invalid=\"false\" name=\"your-message\"><\/textarea><\/span> <\/label>\n<\/p>\n<p><input class=\"wpcf7-form-control wpcf7-submit has-spinner\" type=\"submit\" value=\"Enviar\" \/>\n<\/p><div class=\"wpcf7-response-output\" aria-hidden=\"true\"><\/div>\n<\/form>\n<\/div>\n\t\t\t\t\t\t\t\t<\/div>\n\t\t\t\t<\/div>\n\t\t\t\t<\/div>\n\t\t<div class=\"elementor-element elementor-element-5a16065 e-con-full e-flex e-con e-child\" data-id=\"5a16065\" data-element_type=\"container\">\n\t\t\t\t<\/div>\n\t\t\t\t<\/div>\n\t\t<div class=\"elementor-element elementor-element-86f21e6 e-flex e-con-boxed e-con e-parent\" data-id=\"86f21e6\" data-element_type=\"container\">\n\t\t\t\t\t<div class=\"e-con-inner\">\n\t\t\t\t\t<\/div>\n\t\t\t\t<\/div>\n\t\t<div class=\"elementor-element elementor-element-fc224fe e-flex e-con-boxed e-con e-parent\" data-id=\"fc224fe\" data-element_type=\"container\">\n\t\t\t\t\t<div class=\"e-con-inner\">\n\t\t\t\t\t<\/div>\n\t\t\t\t<\/div>\n\t\t<div class=\"elementor-element elementor-element-f96677c e-flex e-con-boxed e-con e-parent\" data-id=\"f96677c\" data-element_type=\"container\">\n\t\t\t\t\t<div class=\"e-con-inner\">\n\t\t\t\t\t<\/div>\n\t\t\t\t<\/div>\n\t\t\t\t<\/div>\n\t\t","protected":false},"excerpt":{"rendered":"<p>Tus pintores en Alicante Te ayudamos a transformar tu casa con acabados impecables y ofrecemos soluciones profesionales para la construcci\u00f3n Con\u00f3cenos Con m\u00e1s de 30 a\u00f1os de experiencia, hemos trabajado en proyectos emblem\u00e1ticos como el Museo Arqueol\u00f3gico de Alicante (MARQ), el edificio Intempo de Benidorm y la escultura Dibuixar l\u2019espai de la UA, adem\u00e1s de [&hellip;]<\/p>\n","protected":false},"author":1,"featured_media":0,"parent":0,"menu_order":0,"comment_status":"closed","ping_status":"closed","template":"elementor_header_footer","meta":{"footnotes":""},"class_list":["post-74","page","type-page","status-publish","hentry"],"_links":{"self":[{"href":"https:\/\/pintoreslosa.com\/index.php?rest_route=\/wp\/v2\/pages\/74","targetHints":{"allow":["GET"]}}],"collection":[{"href":"https:\/\/pintoreslosa.com\/index.php?rest_route=\/wp\/v2\/pages"}],"about":[{"href":"https:\/\/pintoreslosa.com\/index.php?rest_route=\/wp\/v2\/types\/page"}],"author":[{"embeddable":true,"href":"https:\/\/pintoreslosa.com\/index.php?rest_route=\/wp\/v2\/users\/1"}],"replies":[{"embeddable":true,"href":"https:\/\/pintoreslosa.com\/index.php?rest_route=%2Fwp%2Fv2%2Fcomments&post=74"}],"version-history":[{"count":91,"href":"https:\/\/pintoreslosa.com\/index.php?rest_route=\/wp\/v2\/pages\/74\/revisions"}],"predecessor-version":[{"id":190,"href":"https:\/\/pintoreslosa.com\/index.php?rest_route=\/wp\/v2\/pages\/74\/revisions\/190"}],"wp:attachment":[{"href":"https:\/\/pintoreslosa.com\/index.php?rest_route=%2Fwp%2Fv2%2Fmedia&parent=74"}],"curies":[{"name":"wp","href":"https:\/\/api.w.org\/{rel}","templated":true}]}}